{"id":833,"date":"2016-02-08T14:51:03","date_gmt":"2016-02-08T13:51:03","guid":{"rendered":"http:\/\/www.cinecaro.com\/?page_id=833"},"modified":"2026-02-05T18:46:52","modified_gmt":"2026-02-05T17:46:52","slug":"qui-sommes-nous","status":"publish","type":"page","link":"https:\/\/www.cinecaro.com\/index.php\/qui-sommes-nous\/","title":{"rendered":"Qui sommes-nous ?"},"content":{"rendered":"<p>Cin\u00e9Caro est un cin\u00e9club g\u00e9r\u00e9 par une association d\u2019habitants du 3<sup>\u00e8me<\/sup> arrondissement qui a pour ambition de sensibiliser et de transmettre le go\u00fbt du cin\u00e9ma d\u2019auteur, fiction et documentaire, \u00e0 travers une projection r\u00e9guli\u00e8re dans la salle de spectacle du <strong><a href=\"http:\/\/www.carreaudutemple.eu\/\" target=\"_blank\" rel=\"noopener noreferrer\">Carreau du Temple<\/a><\/strong>.<\/p>\n<p><img fetchpriority=\"high\" decoding=\"async\" class=\"aligncenter size-full wp-image-3207\" src=\"https:\/\/www.cinecaro.com\/wp-content\/uploads\/2025\/12\/Equipe-CineCaro-esclier-scaled.jpg\" alt=\"\" width=\"2560\" height=\"1441\" srcset=\"https:\/\/www.cinecaro.com\/wp-content\/uploads\/2025\/12\/Equipe-CineCaro-esclier-scaled.jpg 2560w, https:\/\/www.cinecaro.com\/wp-content\/uploads\/2025\/12\/Equipe-CineCaro-esclier-1536x865.jpg 1536w, https:\/\/www.cinecaro.com\/wp-content\/uploads\/2025\/12\/Equipe-CineCaro-esclier-2048x1153.jpg 2048w, https:\/\/www.cinecaro.com\/wp-content\/uploads\/2025\/12\/Equipe-CineCaro-esclier-1920x1081.jpg 1920w, https:\/\/www.cinecaro.com\/wp-content\/uploads\/2025\/12\/Equipe-CineCaro-esclier-1170x659.jpg 1170w, https:\/\/www.cinecaro.com\/wp-content\/uploads\/2025\/12\/Equipe-CineCaro-esclier-585x329.jpg 585w, https:\/\/www.cinecaro.com\/wp-content\/uploads\/2025\/12\/Equipe-CineCaro-esclier-300x169.jpg 300w, https:\/\/www.cinecaro.com\/wp-content\/uploads\/2025\/12\/Equipe-CineCaro-esclier-768x432.jpg 768w, https:\/\/www.cinecaro.com\/wp-content\/uploads\/2025\/12\/Equipe-CineCaro-esclier-1024x576.jpg 1024w\" sizes=\"(max-width: 2560px) 100vw, 2560px\" \/><\/p>\n<p>Les projections sont suivies de d\u00e9bats anim\u00e9s par des personnalit\u00e9s et des professionnels du cin\u00e9ma.<\/p>\n<p>Les films projet\u00e9s ont un lien avec un th\u00e8me choisi chaque saison par l\u2019association et qui sert de fil directeur.<\/p>\n<p>Ainsi la premi\u00e8re saison 2014-2015 : <em>Paris 3\u00e8me<\/em>, a \u00e9t\u00e9 consacr\u00e9e aux films tourn\u00e9s dans le 3\u00e8me arrondissement, produits par des producteurs du quartier ou interpr\u00e9t\u00e9s par des com\u00e9diens habitants le quartier.<br \/>\nLa deuxi\u00e8me saison 2015-2016 avait pour th\u00e8me :\u00a0<em>La vie ensemble<\/em>.<br \/>\nLa troisi\u00e8me saison 2016-2017 : <em>La jeunesse<\/em>.<br \/>\nLa quatri\u00e8me saison 2017-2018 : <em>Fronti\u00e8res<\/em>.<br \/>\nLa cinqui\u00e8me saison 2018-2019 : <em>Sensualit\u00e9.<\/em><br \/>\nLa sixi\u00e8me saison 2019-2020 : <em>Le pouvoir.<\/em><br \/>\nLa septi\u00e8me saison 2020-2021 : <em>Coups de c\u0153ur. <\/em>Apr\u00e8s la projection de \u00ab\u00a0R\u00e9cr\u00e9ations<strong>\u00ab\u00a0<\/strong>, le film de Claire Simon, la saison a \u00e9t\u00e9 annul\u00e9e en raison des conditions sanitaires.<em><br \/>\n<\/em>La huiti\u00e8me saison 2021-2022 : <em>Coups de c\u0153ur<\/em>. Cette nouvelle saison reprend les films qui n&rsquo;ont pu \u00eatre projet\u00e9s l&rsquo;ann\u00e9e pr\u00e9c\u00e9dente.<br \/>\nLa neuvi\u00e8me saison 2022-2023 : <em>Tropiques.<\/em><br \/>\nLa dixi\u00e8me saison 2023-2024 : <em>Danse !<\/em><br \/>\nLa onzi\u00e8me saison 2024-2025 : <em>Animal.<\/em><br \/>\nLa douzi\u00e8me saison 2025-2026 : <em>M\u00e9tamorphose.<\/em><\/p>\n<p>Cin\u00e9Caro veut vous montrer le monde autrement.<\/p>\n<p><img decoding=\"async\" class=\"aligncenter size-full wp-image-3208\" src=\"https:\/\/www.cinecaro.com\/wp-content\/uploads\/2025\/12\/Equipe-CineCaro-banquette-scaled.jpg\" alt=\"\" width=\"2560\" height=\"1441\" srcset=\"https:\/\/www.cinecaro.com\/wp-content\/uploads\/2025\/12\/Equipe-CineCaro-banquette-scaled.jpg 2560w, https:\/\/www.cinecaro.com\/wp-content\/uploads\/2025\/12\/Equipe-CineCaro-banquette-1536x865.jpg 1536w, https:\/\/www.cinecaro.com\/wp-content\/uploads\/2025\/12\/Equipe-CineCaro-banquette-2048x1153.jpg 2048w, https:\/\/www.cinecaro.com\/wp-content\/uploads\/2025\/12\/Equipe-CineCaro-banquette-1920x1081.jpg 1920w, https:\/\/www.cinecaro.com\/wp-content\/uploads\/2025\/12\/Equipe-CineCaro-banquette-1170x659.jpg 1170w, https:\/\/www.cinecaro.com\/wp-content\/uploads\/2025\/12\/Equipe-CineCaro-banquette-585x329.jpg 585w, https:\/\/www.cinecaro.com\/wp-content\/uploads\/2025\/12\/Equipe-CineCaro-banquette-300x169.jpg 300w, https:\/\/www.cinecaro.com\/wp-content\/uploads\/2025\/12\/Equipe-CineCaro-banquette-768x432.jpg 768w, https:\/\/www.cinecaro.com\/wp-content\/uploads\/2025\/12\/Equipe-CineCaro-banquette-1024x576.jpg 1024w\" sizes=\"(max-width: 2560px) 100vw, 2560px\" \/><\/p>\n<p>Pr\u00e9sidente : Olga PRUD&rsquo;HOMME-FARGES<br \/>\nTr\u00e9soriers :\u00a0 L\u00e9o FAGARD et Richard TOFFOLET<br \/>\nSecr\u00e9taire : Didier BOUSSARD<\/p>\n<p>Membres : Didier BOUSSARD, Claire CHEVAUCHEZ, Janine DURANTON, L\u00e9o FAGARD, B\u00e9r\u00e9nice FARGES, Mika GIANOTTI, Margot GUISLAIN, Anne LAFFANOUR, Marylin PHELIPOT, Olga PRUD&rsquo;HOMME-FARGES, Richard TOFFOLET<\/p>\n<p>En 2019 &#8211; <a href =\"https:\/\/vimeo.com\/1162106392\" target=\"_blank\">Retour sur 5 ans de programmation de Cin\u00e9Caro<\/a><\/p>\n","protected":false},"excerpt":{"rendered":"<p>Cin\u00e9Caro est un cin\u00e9club g\u00e9r\u00e9 par une association d\u2019habitants du 3\u00e8me arrondissement qui a pour ambition de sensibiliser et de transmettre le go\u00fbt du cin\u00e9ma d\u2019auteur, fiction et documentaire, \u00e0&hellip;<\/p>\n","protected":false},"author":1,"featured_media":0,"parent":0,"menu_order":0,"comment_status":"closed","ping_status":"closed","template":"","meta":{"footnotes":""},"class_list":["post-833","page","type-page","status-publish","hentry"],"_links":{"self":[{"href":"https:\/\/www.cinecaro.com\/index.php\/wp-json\/wp\/v2\/pages\/833","targetHints":{"allow":["GET"]}}],"collection":[{"href":"https:\/\/www.cinecaro.com\/index.php\/wp-json\/wp\/v2\/pages"}],"about":[{"href":"https:\/\/www.cinecaro.com\/index.php\/wp-json\/wp\/v2\/types\/page"}],"author":[{"embeddable":true,"href":"https:\/\/www.cinecaro.com\/index.php\/wp-json\/wp\/v2\/users\/1"}],"replies":[{"embeddable":true,"href":"https:\/\/www.cinecaro.com\/index.php\/wp-json\/wp\/v2\/comments?post=833"}],"version-history":[{"count":57,"href":"https:\/\/www.cinecaro.com\/index.php\/wp-json\/wp\/v2\/pages\/833\/revisions"}],"predecessor-version":[{"id":3509,"href":"https:\/\/www.cinecaro.com\/index.php\/wp-json\/wp\/v2\/pages\/833\/revisions\/3509"}],"wp:attachment":[{"href":"https:\/\/www.cinecaro.com\/index.php\/wp-json\/wp\/v2\/media?parent=833"}],"curies":[{"name":"wp","href":"https:\/\/api.w.org\/{rel}","templated":true}]}}