{"id":828,"date":"2016-02-08T10:44:17","date_gmt":"2016-02-08T09:44:17","guid":{"rendered":"http:\/\/www.cinecaro.com\/?page_id=828"},"modified":"2025-07-01T14:36:47","modified_gmt":"2025-07-01T13:36:47","slug":"informations-pratiques","status":"publish","type":"page","link":"https:\/\/www.cinecaro.com\/index.php\/informations-pratiques\/","title":{"rendered":"Informations Pratiques"},"content":{"rendered":"<div class=\"encart\">\n<p><strong>Lieu des projections :<br \/>\n<\/strong>Carreau du Temple &#8211; 2 rue Perr\u00e9e 75003 Paris (M\u00e9tro : Temple ou R\u00e9publique)<strong><br \/>\n<\/strong><\/p>\n<p style=\"text-align: center;\">Vous pouvez r\u00e9server vos places sur le site de la <a href=\"https:\/\/sites.weezevent.com\/billetteriecarreaudutemple\/\">Billetterie Le Carreau du Temple<\/a><\/p>\n<p><strong>Tarifs :<br \/>\n<\/strong>10\u20ac \/ 8\u20ac tarif r\u00e9duit \/ 5\u20ac demi-tarif\u00a0<strong><br \/>\nB\u00e9n\u00e9ficiaires du tarif r\u00e9duit :<\/strong><strong><br \/>\n<\/strong>Plus de 65 ans \/ demandeurs d&#8217;emplois \/ personnes en situation de handicap \/ groupe \u00e0 partir de 8 personnes \/ moins de 30 ans<strong><br \/>\nB\u00e9n\u00e9ficiaires du demi-tarif :<\/strong><br \/>\nB\u00e9n\u00e9ficiaires des minima sociaux<br \/>\n<strong>Gratuit\u00e9 :<\/strong><br \/>\nAdh\u00e9rents de la carte Carreau \/ programme \u00ab\u00a0De la culture avant toute chose\u00a0\u00bb\/<br \/>\nchamp social \/ enseignants et scolaires<\/p>\n<\/div>\n<p>&nbsp;<\/p>\n<p>&nbsp;<\/p>\n<p><iframe style=\"border: 0px currentColor;\" src=\"https:\/\/www.google.com\/maps\/embed?pb=!1m18!1m12!1m3!1d2624.6665833865504!2d2.359710115674595!3d48.86456797928807!2m3!1f0!2f0!3f0!3m2!1i1024!2i768!4f13.1!3m3!1m2!1s0x47e66e05dfbb3cd3%3A0x7c6c9eb7f93af3cd!2s2+Rue+Perr%C3%A9e%2C+75003+Paris!5e0!3m2!1sfr!2sfr!4v1460727920132\" width=\"1150\" height=\"250\" frameborder=\"0\" allowfullscreen=\"allowfullscreen\"><\/iframe><\/p>\n","protected":false},"excerpt":{"rendered":"<p>Lieu des projections : Carreau du Temple &#8211; 2 rue Perr\u00e9e 75003 Paris (M\u00e9tro : Temple ou R\u00e9publique) Vous pouvez r\u00e9server vos places sur le site de la Billetterie Le&hellip;<\/p>\n","protected":false},"author":1,"featured_media":0,"parent":0,"menu_order":0,"comment_status":"closed","ping_status":"closed","template":"","meta":{"footnotes":""},"class_list":["post-828","page","type-page","status-publish","hentry"],"_links":{"self":[{"href":"https:\/\/www.cinecaro.com\/index.php\/wp-json\/wp\/v2\/pages\/828","targetHints":{"allow":["GET"]}}],"collection":[{"href":"https:\/\/www.cinecaro.com\/index.php\/wp-json\/wp\/v2\/pages"}],"about":[{"href":"https:\/\/www.cinecaro.com\/index.php\/wp-json\/wp\/v2\/types\/page"}],"author":[{"embeddable":true,"href":"https:\/\/www.cinecaro.com\/index.php\/wp-json\/wp\/v2\/users\/1"}],"replies":[{"embeddable":true,"href":"https:\/\/www.cinecaro.com\/index.php\/wp-json\/wp\/v2\/comments?post=828"}],"version-history":[{"count":58,"href":"https:\/\/www.cinecaro.com\/index.php\/wp-json\/wp\/v2\/pages\/828\/revisions"}],"predecessor-version":[{"id":2984,"href":"https:\/\/www.cinecaro.com\/index.php\/wp-json\/wp\/v2\/pages\/828\/revisions\/2984"}],"wp:attachment":[{"href":"https:\/\/www.cinecaro.com\/index.php\/wp-json\/wp\/v2\/media?parent=828"}],"curies":[{"name":"wp","href":"https:\/\/api.w.org\/{rel}","templated":true}]}}