{"id":2413,"date":"2024-09-20T09:47:30","date_gmt":"2024-09-20T08:47:30","guid":{"rendered":"https:\/\/www.cinecaro.com\/?page_id=2413"},"modified":"2024-09-24T12:43:05","modified_gmt":"2024-09-24T11:43:05","slug":"politique-de-confidentialite","status":"publish","type":"page","link":"https:\/\/www.cinecaro.com\/index.php\/politique-de-confidentialite\/","title":{"rendered":"Politique de confidentialit\u00e9"},"content":{"rendered":"<h3 class=\"wp-block-heading\">Qui sommes-nous\u00a0?<\/h3>\n<p>L\u2019adresse de notre site Web est : https:\/\/www.cinecaro.com<\/p>\n<p><em>\u00ab Le nouveau r\u00e8glement europ\u00e9en sur la protection des donn\u00e9es personnelles est paru au journal officiel de l\u2019Union europ\u00e9enne et [entre] en application le 25 mai 2018. L\u2019adoption de ce texte doit permettre \u00e0 l\u2019Europe de s\u2019adapter aux nouvelles r\u00e9alit\u00e9s du num\u00e9rique. \u00bb<\/em><br \/>\nEn savoir plus :\u00a0<a href=\"http:\/\/www.cnil.fr\/\" target=\"_blank\" rel=\"noreferrer noopener\" aria-label=\"www.cnil.fr (opens in a new tab)\">www.cnil.fr<\/a><\/p>\n<p>Dans le cadre de l\u2019entr\u00e9e en vigueur des nouvelles r\u00e8gles de confidentialit\u00e9 des donn\u00e9es personnelles, nous avons mis \u00e0 jour notre politique de confidentialit\u00e9.<\/p>\n<h3 class=\"wp-block-heading\">1. Collecte de l\u2019information<\/h3>\n<p>Lorsque vous vous inscrivez sur notre site nous reccueillons les informations suivantes : votre nom, votre pr\u00e9nom et votre adresse e-mail.<\/p>\n<p>En outre, nous recevons et enregistrons automatiquement des informations \u00e0 partir de votre ordinateur et navigateur, y compris votre adresse IP, vos logiciels et votre mat\u00e9riel, et la page que vous demandez.<\/p>\n<h3 class=\"wp-block-heading\">2. Utilisation des informations<\/h3>\n<p>Les informations que nous recueillons aupr\u00e8s de vous sont uniquement utilis\u00e9es pour vous envoyer un rappel de nos prochaines s\u00e9ances et d\u2019 \u00e9ventuelles nouvelles sur les activit\u00e9s de notre association, sous forme de newsletter.<\/p>\n<h3 class=\"wp-block-heading\">3. Confidentialit\u00e9<\/h3>\n<p>Nous sommes les seuls propri\u00e9taires des informations recueillies sur ce site. Vos informations personnelles ne seront pas vendues, \u00e9chang\u00e9es, transf\u00e9r\u00e9es, ou donn\u00e9es \u00e0 une autre soci\u00e9t\u00e9 quelle qu&rsquo;en soit la raison, sans votre consentement.<\/p>\n<h3 class=\"wp-block-heading\">4. Divulgation \u00e0 des tiers<\/h3>\n<p>Nous ne vendons, n\u2019\u00e9changeons et ne transf\u00e9rons pas vos informations personnelles identifiables \u00e0 des tiers. Cela ne comprend pas les tierces parties de confiance qui nous aident \u00e0 exploiter notre site Web ou \u00e0 mener nos activit\u00e9s, tant que ces parties conviennent de garder ces informations confidentielles.<\/p>\n<p>Nous pensons qu\u2019il est n\u00e9cessaire de partager des informations afin d\u2019enqu\u00eater, de pr\u00e9venir ou de prendre des mesures concernant des activit\u00e9s ill\u00e9gales, fraudes pr\u00e9sum\u00e9es, situations impliquant des menaces potentielles \u00e0 la s\u00e9curit\u00e9 physique de toute personne, violations de nos conditions d\u2019utilisation, ou quand la loi nous y contraint.<\/p>\n<h3 class=\"wp-block-heading\">5. Protection des informations<\/h3>\n<p>Nous mettons en \u0153uvre une vari\u00e9t\u00e9 de mesures de s\u00e9curit\u00e9 pour pr\u00e9server la s\u00e9curit\u00e9 de vos informations personnelles. Nous prot\u00e9geons \u00e9galement vos informations hors ligne. Seuls les employ\u00e9s qui ont besoin d\u2019effectuer un travail sp\u00e9cifique ont acc\u00e8s aux informations personnelles identifiables. Les ordinateurs et serveurs utilis\u00e9s pour stocker des informations personnelles identifiables sont conserv\u00e9s dans un environnement s\u00e9curis\u00e9.<\/p>\n<h3 class=\"wp-block-heading\">6. Est-ce que nous utilisons des cookies ?<\/h3>\n<p>Oui. Nos cookies am\u00e9liorent l\u2019acc\u00e8s \u00e0 notre site et identifient les visiteurs r\u00e9guliers. En outre, nos cookies am\u00e9liorent l\u2019exp\u00e9rience d\u2019utilisateur gr\u00e2ce au suivi et au ciblage de ses int\u00e9r\u00eats. Cependant, cette utilisation des cookies n\u2019est en aucune fa\u00e7on li\u00e9e \u00e0 des informations personnelles identifiables sur notre site.<\/p>\n<h3 class=\"wp-block-heading\">7. Se d\u00e9sabonner<\/h3>\n<p>Nous utilisons l\u2019adresse e-mail que vous fournissez pour vous envoyer des informations et mises \u00e0 jour relatives \u00e0 nos actualit\u00e9s, des nouvelles de l&rsquo;association de fa\u00e7on occasionnelle, des informations sur nos dates de projections sous la forme de newsletter. Si \u00e0 n\u2019importe quel moment vous souhaitez vous d\u00e9sinscrire et ne plus recevoir d\u2019e-mails, des instructions de d\u00e9sabonnement d\u00e9taill\u00e9es sont incluses en bas de chaque newsletter que vous aurez re\u00e7ues.<br \/>\nVous avez \u00e9galement la possibilit\u00e9 de nous avertir par e-mail en \u00e9crivant \u00e0 l\u2019adresse : contact@cinecaro.com<\/p>\n<h3 class=\"wp-block-heading\">7. Consentement<\/h3>\n<p>En utilisant notre site, vous consentez \u00e0 notre politique de confidentialit\u00e9.<\/p>\n","protected":false},"excerpt":{"rendered":"<p>Qui sommes-nous\u00a0? L\u2019adresse de notre site Web est : https:\/\/www.cinecaro.com \u00ab Le nouveau r\u00e8glement europ\u00e9en sur la protection des donn\u00e9es personnelles est paru au journal officiel de l\u2019Union europ\u00e9enne et&hellip;<\/p>\n","protected":false},"author":1,"featured_media":0,"parent":0,"menu_order":0,"comment_status":"closed","ping_status":"closed","template":"","meta":{"footnotes":""},"class_list":["post-2413","page","type-page","status-publish","hentry"],"_links":{"self":[{"href":"https:\/\/www.cinecaro.com\/index.php\/wp-json\/wp\/v2\/pages\/2413","targetHints":{"allow":["GET"]}}],"collection":[{"href":"https:\/\/www.cinecaro.com\/index.php\/wp-json\/wp\/v2\/pages"}],"about":[{"href":"https:\/\/www.cinecaro.com\/index.php\/wp-json\/wp\/v2\/types\/page"}],"author":[{"embeddable":true,"href":"https:\/\/www.cinecaro.com\/index.php\/wp-json\/wp\/v2\/users\/1"}],"replies":[{"embeddable":true,"href":"https:\/\/www.cinecaro.com\/index.php\/wp-json\/wp\/v2\/comments?post=2413"}],"version-history":[{"count":3,"href":"https:\/\/www.cinecaro.com\/index.php\/wp-json\/wp\/v2\/pages\/2413\/revisions"}],"predecessor-version":[{"id":2425,"href":"https:\/\/www.cinecaro.com\/index.php\/wp-json\/wp\/v2\/pages\/2413\/revisions\/2425"}],"wp:attachment":[{"href":"https:\/\/www.cinecaro.com\/index.php\/wp-json\/wp\/v2\/media?parent=2413"}],"curies":[{"name":"wp","href":"https:\/\/api.w.org\/{rel}","templated":true}]}}