{"id":2345,"date":"2026-01-30T16:46:28","date_gmt":"2026-01-30T15:46:28","guid":{"rendered":"https:\/\/www.cinecaro.com\/?page_id=2345"},"modified":"2026-02-05T18:08:11","modified_gmt":"2026-02-05T17:08:11","slug":"les-debats","status":"publish","type":"page","link":"https:\/\/www.cinecaro.com\/index.php\/les-debats\/","title":{"rendered":"Les d\u00e9bats"},"content":{"rendered":"<div class=\"cinecaro-grid\">\n<div class=\"cinecaro-item\">\n<h2 class=\"grid-title\"><a href=\"https:\/\/www.cinecaro.com\/index.php\/qui-sommes-nous\/\"><br \/>\nAnniversaire des 5 ans de Cin\u00e9Caro<\/a><\/h2>\n<h4>Cin\u00e9Caro # &#8211; L&rsquo;association f\u00eate ses 5 ans de programmation (2019)<\/h4>\n<h5>Remerciements \u00e0 la Mairie du 3\u00e8me arrondissement, \u00e0 toute l&rsquo;\u00e9quipe du Carreau du Temple et \u00e0 notre cher public.<\/h5>\n<div class=\"video-wrapper\"><iframe src=\"https:\/\/player.vimeo.com\/video\/1162106392\" allowfullscreen=\"allowfullscreen\"><\/iframe><\/div>\n<\/div>\n<div class=\"cinecaro-item\">\n<h2 class=\"grid-title\"><a href=\"https:\/\/www.cinecaro.com\/index.php\/2016\/02\/01\/la-fiancee-du-pirate\/\"><br \/>\nLA FIANC\u00c9E DU PIRATE<\/a><\/h2>\n<h4>Cin\u00e9Caro #1 &#8211; Un film de Nelly Kaplan (1969)<\/h4>\n<h5>D\u00e9bat avec Nelly Kaplan (r\u00e9alisatrice), Claude Makovski (cosc\u00e9nariste) et Bernard Bastide (biographe de Bernadette Lafont).<\/h5>\n<div class=\"video-wrapper\"><iframe src=\"https:\/\/player.vimeo.com\/video\/157804845\" allowfullscreen=\"allowfullscreen\"><\/iframe><\/div>\n<\/div>\n<div class=\"cinecaro-item\">\n<h2 class=\"grid-title\"><a href=\"https:\/\/www.cinecaro.com\/index.php\/2024\/06\/10\/lenfant-sauvage\/\"><br \/>\nL\u2019Enfant Sauvage<\/a><\/h2>\n<h4>Cin\u00e9Caro #62 &#8211; Un film de Fran\u00e7ois Truffaut (1970)<\/h4>\n<h5>D\u00e9bat avec Bernard Bastide, enseignant et historien du cin\u00e9ma.<\/h5>\n<div class=\"video-wrapper\"><iframe src=\"https:\/\/player.vimeo.com\/video\/1162106464\" allowfullscreen=\"allowfullscreen\"><\/iframe><\/div>\n<\/div>\n<div class=\"cinecaro-item\">\n<h2 class=\"grid-title\"><a href=\"https:\/\/www.cinecaro.com\/index.php\/2024\/06\/10\/lours\/\"><br \/>\nL&rsquo;ours<\/a><\/h2>\n<h4>Cin\u00e9Caro #63 &#8211; Un film de Jean-Jacques Annaud (1988)<\/h4>\n<h5>D\u00e9bat avec Thierry Le Portier, dresseur des fauves.<\/h5>\n<div class=\"video-wrapper\"><iframe src=\"https:\/\/player.vimeo.com\/video\/1162114879\" allowfullscreen=\"allowfullscreen\"><\/iframe><\/div>\n<\/div>\n<\/div>\n","protected":false},"excerpt":{"rendered":"<p>Anniversaire des 5 ans de Cin\u00e9Caro Cin\u00e9Caro # &#8211; L&rsquo;association f\u00eate ses 5 ans de programmation (2019) Remerciements \u00e0 la Mairie du 3\u00e8me arrondissement, \u00e0 toute l&rsquo;\u00e9quipe du Carreau du&hellip;<\/p>\n","protected":false},"author":1,"featured_media":0,"parent":0,"menu_order":0,"comment_status":"closed","ping_status":"closed","template":"","meta":{"footnotes":""},"class_list":["post-2345","page","type-page","status-publish","hentry"],"_links":{"self":[{"href":"https:\/\/www.cinecaro.com\/index.php\/wp-json\/wp\/v2\/pages\/2345","targetHints":{"allow":["GET"]}}],"collection":[{"href":"https:\/\/www.cinecaro.com\/index.php\/wp-json\/wp\/v2\/pages"}],"about":[{"href":"https:\/\/www.cinecaro.com\/index.php\/wp-json\/wp\/v2\/types\/page"}],"author":[{"embeddable":true,"href":"https:\/\/www.cinecaro.com\/index.php\/wp-json\/wp\/v2\/users\/1"}],"replies":[{"embeddable":true,"href":"https:\/\/www.cinecaro.com\/index.php\/wp-json\/wp\/v2\/comments?post=2345"}],"version-history":[{"count":34,"href":"https:\/\/www.cinecaro.com\/index.php\/wp-json\/wp\/v2\/pages\/2345\/revisions"}],"predecessor-version":[{"id":3504,"href":"https:\/\/www.cinecaro.com\/index.php\/wp-json\/wp\/v2\/pages\/2345\/revisions\/3504"}],"wp:attachment":[{"href":"https:\/\/www.cinecaro.com\/index.php\/wp-json\/wp\/v2\/media?parent=2345"}],"curies":[{"name":"wp","href":"https:\/\/api.w.org\/{rel}","templated":true}]}}